{"id":463,"date":"2023-06-02T09:47:15","date_gmt":"2023-06-02T09:47:15","guid":{"rendered":"http:\/\/hk.immobilien\/?page_id=463"},"modified":"2023-08-02T13:56:38","modified_gmt":"2023-08-02T13:56:38","slug":"ankauf","status":"publish","type":"page","link":"https:\/\/hk.immobilien\/en\/ankauf\/","title":{"rendered":"Search Profile"},"content":{"rendered":"<div data-elementor-type=\"wp-page\" data-elementor-id=\"463\" class=\"elementor elementor-463\" data-elementor-post-type=\"page\">\n\t\t\t\t\t\t<section data-particle_enable=\"false\" data-particle-mobile-disabled=\"false\" class=\"elementor-section elementor-top-section elementor-element elementor-element-5bb1a8e2 elementor-section-height-min-height elementor-section-boxed elementor-section-height-default elementor-section-items-middle\" data-id=\"5bb1a8e2\" data-element_type=\"section\" data-settings=\"{&quot;background_background&quot;:&quot;classic&quot;}\">\n\t\t\t\t\t\t\t<div class=\"elementor-background-overlay\"><\/div>\n\t\t\t\t\t\t\t<div class=\"elementor-container elementor-column-gap-default\">\n\t\t\t\t\t<div class=\"elementor-column elementor-col-100 elementor-top-column elementor-element elementor-element-39d3beea\" data-id=\"39d3beea\" data-element_type=\"column\">\n\t\t\t<div class=\"elementor-widget-wrap elementor-element-populated\">\n\t\t\t\t\t\t<div class=\"elementor-element elementor-element-3acc81d8 elementor-invisible elementor-widget elementor-widget-heading\" data-id=\"3acc81d8\" data-element_type=\"widget\" data-settings=\"{&quot;_animation&quot;:&quot;fadeInDown&quot;}\" data-widget_type=\"heading.default\">\n\t\t\t\t<div class=\"elementor-widget-container\">\n\t\t\t<style>\/*! elementor - v3.19.0 - 26-02-2024 *\/\n.elementor-heading-title{padding:0;margin:0;line-height:1}.elementor-widget-heading .elementor-heading-title[class*=elementor-size-]>a{color:inherit;font-size:inherit;line-height:inherit}.elementor-widget-heading .elementor-heading-title.elementor-size-small{font-size:15px}.elementor-widget-heading .elementor-heading-title.elementor-size-medium{font-size:19px}.elementor-widget-heading .elementor-heading-title.elementor-size-large{font-size:29px}.elementor-widget-heading .elementor-heading-title.elementor-size-xl{font-size:39px}.elementor-widget-heading .elementor-heading-title.elementor-size-xxl{font-size:59px}<\/style><h2 class=\"elementor-heading-title elementor-size-default\">Search Profile<\/h2>\t\t<\/div>\n\t\t\t\t<\/div>\n\t\t\t\t\t<\/div>\n\t\t<\/div>\n\t\t\t\t\t<\/div>\n\t\t<\/section>\n\t\t\t\t<section data-particle_enable=\"false\" data-particle-mobile-disabled=\"false\" class=\"elementor-section elementor-top-section elementor-element elementor-element-25f89b90 elementor-section-boxed elementor-section-height-default elementor-section-height-default\" data-id=\"25f89b90\" data-element_type=\"section\">\n\t\t\t\t\t\t<div class=\"elementor-container elementor-column-gap-default\">\n\t\t\t\t\t<div class=\"elementor-column elementor-col-100 elementor-top-column elementor-element elementor-element-5d56afc5\" data-id=\"5d56afc5\" data-element_type=\"column\" data-settings=\"{&quot;background_background&quot;:&quot;classic&quot;}\">\n\t\t\t<div class=\"elementor-widget-wrap elementor-element-populated\">\n\t\t\t\t\t<div class=\"elementor-background-overlay\"><\/div>\n\t\t\t\t\t\t<section data-particle_enable=\"false\" data-particle-mobile-disabled=\"false\" class=\"elementor-section elementor-inner-section elementor-element elementor-element-bba74b elementor-section-boxed elementor-section-height-default elementor-section-height-default\" data-id=\"bba74b\" data-element_type=\"section\">\n\t\t\t\t\t\t<div class=\"elementor-container elementor-column-gap-default\">\n\t\t\t\t\t<div class=\"elementor-column elementor-col-33 elementor-inner-column elementor-element elementor-element-40202ebf\" data-id=\"40202ebf\" data-element_type=\"column\">\n\t\t\t<div class=\"elementor-widget-wrap elementor-element-populated\">\n\t\t\t\t\t\t<div class=\"elementor-element elementor-element-591b8f1 elementor-invisible elementor-widget elementor-widget-heading\" data-id=\"591b8f1\" data-element_type=\"widget\" data-settings=\"{&quot;_animation&quot;:&quot;fadeInLeft&quot;}\" data-widget_type=\"heading.default\">\n\t\t\t\t<div class=\"elementor-widget-container\">\n\t\t\t<h2 class=\"elementor-heading-title elementor-size-default\">Always looking for new deals!<\/h2>\t\t<\/div>\n\t\t\t\t<\/div>\n\t\t\t\t<div class=\"elementor-element elementor-element-11802e35 elementor-widget elementor-widget-text-editor\" data-id=\"11802e35\" data-element_type=\"widget\" data-widget_type=\"text-editor.default\">\n\t\t\t\t<div class=\"elementor-widget-container\">\n\t\t\t<style>\/*! elementor - v3.19.0 - 26-02-2024 *\/\n.elementor-widget-text-editor.elementor-drop-cap-view-stacked .elementor-drop-cap{background-color:#69727d;color:#fff}.elementor-widget-text-editor.elementor-drop-cap-view-framed .elementor-drop-cap{color:#69727d;border:3px solid;background-color:transparent}.elementor-widget-text-editor:not(.elementor-drop-cap-view-default) .elementor-drop-cap{margin-top:8px}.elementor-widget-text-editor:not(.elementor-drop-cap-view-default) .elementor-drop-cap-letter{width:1em;height:1em}.elementor-widget-text-editor .elementor-drop-cap{float:left;text-align:center;line-height:1;font-size:50px}.elementor-widget-text-editor .elementor-drop-cap-letter{display:inline-block}<\/style>\t\t\t\t<p>We are organizationally and financially able to quickly and professionally carry out the purchase of additional properties. Do you know an owner who wants to sell his property? We show our appreciation to tipsters if this results in a deal.<\/p>\t\t\t\t\t\t<\/div>\n\t\t\t\t<\/div>\n\t\t\t\t\t<\/div>\n\t\t<\/div>\n\t\t\t\t<div class=\"elementor-column elementor-col-33 elementor-inner-column elementor-element elementor-element-54d0341e\" data-id=\"54d0341e\" data-element_type=\"column\">\n\t\t\t<div class=\"elementor-widget-wrap elementor-element-populated\">\n\t\t\t\t\t\t<div class=\"elementor-element elementor-element-638510b7 elementor-widget elementor-widget-text-editor\" data-id=\"638510b7\" data-element_type=\"widget\" data-widget_type=\"text-editor.default\">\n\t\t\t\t<div class=\"elementor-widget-container\">\n\t\t\t\t\t\t\t<p><strong>What we are looking for:<\/strong><\/p><ul><li>multi-family houses with 6 units of more, larger packages are also welcome<\/li><li>residential \/ commercial buildings up to max. 30% commercial share<\/li><li>larger apartment packages with majority share in the community of owners<\/li><li>Wohnanlagen mit mehreren Wohnh\u00e4usern<\/li><li>we would examine reconstruction objects on a case-by-case basis<\/li><\/ul><p>\u00a0<\/p><p><strong>What we are not looking for:<\/strong><\/p><ul><li>no purely commercial properties<\/li><li>no new construction projects<\/li><li>no individual condominiums<\/li><li>no undeveloped land<\/li><li>Detached or terraced houses, semi-detached houses, etc.<\/li><\/ul>\t\t\t\t\t\t<\/div>\n\t\t\t\t<\/div>\n\t\t\t\t<div class=\"elementor-element elementor-element-5a02894b elementor-align-left elementor-tablet-align-left elementor-widget elementor-widget-button\" data-id=\"5a02894b\" data-element_type=\"widget\" data-widget_type=\"button.default\">\n\t\t\t\t<div class=\"elementor-widget-container\">\n\t\t\t\t\t<div class=\"elementor-button-wrapper\">\n\t\t\t<a class=\"elementor-button elementor-button-link elementor-size-sm\" href=\"https:\/\/hk.immobilien\/en\/kontakt\/\">\n\t\t\t\t\t\t<span class=\"elementor-button-content-wrapper\">\n\t\t\t\t\t\t<span class=\"elementor-button-text\">Contact us<\/span>\n\t\t<\/span>\n\t\t\t\t\t<\/a>\n\t\t<\/div>\n\t\t\t\t<\/div>\n\t\t\t\t<\/div>\n\t\t\t\t\t<\/div>\n\t\t<\/div>\n\t\t\t\t<div class=\"elementor-column elementor-col-33 elementor-inner-column elementor-element elementor-element-2f5e45a2 elementor-invisible\" data-id=\"2f5e45a2\" data-element_type=\"column\" data-settings=\"{&quot;animation&quot;:&quot;fadeInUp&quot;}\">\n\t\t\t<div class=\"elementor-widget-wrap elementor-element-populated\">\n\t\t\t\t\t\t<div class=\"elementor-element elementor-element-49b84b87 elementor-widget elementor-widget-image\" data-id=\"49b84b87\" data-element_type=\"widget\" data-widget_type=\"image.default\">\n\t\t\t\t<div class=\"elementor-widget-container\">\n\t\t\t<style>\/*! elementor - v3.19.0 - 26-02-2024 *\/\n.elementor-widget-image{text-align:center}.elementor-widget-image a{display:inline-block}.elementor-widget-image a img[src$=\".svg\"]{width:48px}.elementor-widget-image img{vertical-align:middle;display:inline-block}<\/style>\t\t\t\t\t\t\t\t\t\t<img fetchpriority=\"high\" decoding=\"async\" width=\"1920\" height=\"1440\" src=\"https:\/\/hk.immobilien\/wp-content\/uploads\/2023\/06\/Foto-03.06.23-12-20-57.jpg\" class=\"attachment-full size-full wp-image-817\" alt=\"\" srcset=\"https:\/\/hk.immobilien\/wp-content\/uploads\/2023\/06\/Foto-03.06.23-12-20-57.jpg 1920w, https:\/\/hk.immobilien\/wp-content\/uploads\/2023\/06\/Foto-03.06.23-12-20-57-300x225.jpg 300w, https:\/\/hk.immobilien\/wp-content\/uploads\/2023\/06\/Foto-03.06.23-12-20-57-1024x768.jpg 1024w, https:\/\/hk.immobilien\/wp-content\/uploads\/2023\/06\/Foto-03.06.23-12-20-57-768x576.jpg 768w, https:\/\/hk.immobilien\/wp-content\/uploads\/2023\/06\/Foto-03.06.23-12-20-57-1536x1152.jpg 1536w\" sizes=\"(max-width: 1920px) 100vw, 1920px\" \/>\t\t\t\t\t\t\t\t\t\t\t\t\t<\/div>\n\t\t\t\t<\/div>\n\t\t\t\t\t<\/div>\n\t\t<\/div>\n\t\t\t\t\t<\/div>\n\t\t<\/section>\n\t\t\t\t\t<\/div>\n\t\t<\/div>\n\t\t\t\t\t<\/div>\n\t\t<\/section>\n\t\t<div data-particle_enable=\"false\" data-particle-mobile-disabled=\"false\" class=\"elementor-element elementor-element-3bde4cdc e-flex e-con-boxed e-con e-parent\" data-id=\"3bde4cdc\" data-element_type=\"container\" data-settings=\"{&quot;content_width&quot;:&quot;boxed&quot;}\" data-core-v316-plus=\"true\">\n\t\t\t\t\t<div class=\"e-con-inner\">\n\t\t\t\t<div class=\"elementor-element elementor-element-6e4a0b5e elementor-hidden-desktop elementor-hidden-tablet elementor-hidden-mobile elementor-widget elementor-widget-global elementor-global-1243 elementor-widget-image-carousel\" data-id=\"6e4a0b5e\" data-element_type=\"widget\" data-settings=\"{&quot;slides_to_show&quot;:&quot;5&quot;,&quot;navigation&quot;:&quot;none&quot;,&quot;image_spacing_custom&quot;:{&quot;unit&quot;:&quot;px&quot;,&quot;size&quot;:60,&quot;sizes&quot;:[]},&quot;slides_to_show_tablet&quot;:&quot;4&quot;,&quot;slides_to_show_mobile&quot;:&quot;3&quot;,&quot;image_spacing_custom_tablet&quot;:{&quot;unit&quot;:&quot;px&quot;,&quot;size&quot;:30,&quot;sizes&quot;:[]},&quot;image_spacing_custom_mobile&quot;:{&quot;unit&quot;:&quot;px&quot;,&quot;size&quot;:10,&quot;sizes&quot;:[]},&quot;autoplay_speed&quot;:15,&quot;speed&quot;:5000,&quot;autoplay&quot;:&quot;yes&quot;,&quot;pause_on_hover&quot;:&quot;yes&quot;,&quot;pause_on_interaction&quot;:&quot;yes&quot;,&quot;infinite&quot;:&quot;yes&quot;}\" data-widget_type=\"image-carousel.default\">\n\t\t\t\t<div class=\"elementor-widget-container\">\n\t\t\t<style>\/*! elementor - v3.19.0 - 26-02-2024 *\/\n.elementor-widget-image-carousel .swiper,.elementor-widget-image-carousel .swiper-container{position:static}.elementor-widget-image-carousel .swiper-container .swiper-slide figure,.elementor-widget-image-carousel .swiper .swiper-slide figure{line-height:inherit}.elementor-widget-image-carousel .swiper-slide{text-align:center}.elementor-image-carousel-wrapper:not(.swiper-container-initialized):not(.swiper-initialized) .swiper-slide{max-width:calc(100% \/ var(--e-image-carousel-slides-to-show, 3))}<\/style>\t\t<div class=\"elementor-image-carousel-wrapper swiper\" dir=\"rtl\">\n\t\t\t<div class=\"elementor-image-carousel swiper-wrapper\" aria-live=\"off\">\n\t\t\t\t\t\t\t\t<div class=\"swiper-slide\" role=\"group\" aria-roledescription=\"slide\" aria-label=\"1 of 9\"><figure class=\"swiper-slide-inner\"><img decoding=\"async\" class=\"swiper-slide-image\" src=\"https:\/\/hk.immobilien\/wp-content\/uploads\/2023\/07\/nat_bunt-1.jpg\" alt=\"nat_bunt\" \/><\/figure><\/div><div class=\"swiper-slide\" role=\"group\" aria-roledescription=\"slide\" aria-label=\"2 of 9\"><figure class=\"swiper-slide-inner\"><img decoding=\"async\" class=\"swiper-slide-image\" src=\"https:\/\/hk.immobilien\/wp-content\/uploads\/2023\/07\/Dietrich_Heide-1.jpg\" alt=\"Dietrich_Heide\" \/><\/figure><\/div><div class=\"swiper-slide\" role=\"group\" aria-roledescription=\"slide\" aria-label=\"3 of 9\"><figure class=\"swiper-slide-inner\"><img decoding=\"async\" class=\"swiper-slide-image\" src=\"https:\/\/hk.immobilien\/wp-content\/uploads\/2023\/07\/weuster_gmbh-1.jpg\" alt=\"weuster_gmbh\" \/><\/figure><\/div><div class=\"swiper-slide\" role=\"group\" aria-roledescription=\"slide\" aria-label=\"4 of 9\"><figure class=\"swiper-slide-inner\"><img decoding=\"async\" class=\"swiper-slide-image\" src=\"https:\/\/hk.immobilien\/wp-content\/uploads\/2023\/07\/kanz_veith_duis-1.jpg\" alt=\"kanz_veith_duis\" \/><\/figure><\/div><div class=\"swiper-slide\" role=\"group\" aria-roledescription=\"slide\" aria-label=\"5 of 9\"><figure class=\"swiper-slide-inner\"><img decoding=\"async\" class=\"swiper-slide-image\" src=\"https:\/\/hk.immobilien\/wp-content\/uploads\/2023\/07\/procasa.png\" alt=\"procasa\" \/><\/figure><\/div><div class=\"swiper-slide\" role=\"group\" aria-roledescription=\"slide\" aria-label=\"6 of 9\"><figure class=\"swiper-slide-inner\"><img decoding=\"async\" class=\"swiper-slide-image\" src=\"https:\/\/hk.immobilien\/wp-content\/uploads\/2023\/07\/kreissparkasse_duesseldorf.png\" alt=\"kreissparkasse_duesseldorf\" \/><\/figure><\/div><div class=\"swiper-slide\" role=\"group\" aria-roledescription=\"slide\" aria-label=\"7 of 9\"><figure class=\"swiper-slide-inner\"><img decoding=\"async\" class=\"swiper-slide-image\" src=\"https:\/\/hk.immobilien\/wp-content\/uploads\/2023\/07\/volksbank_rhein_lippe-1.jpg\" alt=\"volksbank_rhein_lippe\" \/><\/figure><\/div><div class=\"swiper-slide\" role=\"group\" aria-roledescription=\"slide\" aria-label=\"8 of 9\"><figure class=\"swiper-slide-inner\"><img decoding=\"async\" class=\"swiper-slide-image\" src=\"https:\/\/hk.immobilien\/wp-content\/uploads\/2023\/07\/sparkasse_rhein_lippe.png\" alt=\"sparkasse_rhein_lippe\" \/><\/figure><\/div><div class=\"swiper-slide\" role=\"group\" aria-roledescription=\"slide\" aria-label=\"9 of 9\"><figure class=\"swiper-slide-inner\"><img decoding=\"async\" class=\"swiper-slide-image\" src=\"https:\/\/hk.immobilien\/wp-content\/uploads\/2023\/07\/Hausmeisterservice.png\" alt=\"Hausmeisterservice\" \/><\/figure><\/div>\t\t\t<\/div>\n\t\t\t\t\t\t\t\n\t\t\t\t\t\t\t\t\t<\/div>\n\t\t\t\t<\/div>\n\t\t\t\t<\/div>\n\t\t\t\t\t<\/div>\n\t\t\t\t<\/div>\n\t\t<div data-particle_enable=\"false\" data-particle-mobile-disabled=\"false\" class=\"elementor-element elementor-element-a016e48 e-flex e-con-boxed e-con e-parent\" data-id=\"a016e48\" data-element_type=\"container\" data-settings=\"{&quot;content_width&quot;:&quot;boxed&quot;}\" data-core-v316-plus=\"true\">\n\t\t\t\t\t<div class=\"e-con-inner\">\n\t\t\t\t<div class=\"elementor-element elementor-element-9903974 elementor-widget elementor-widget-eael-logo-carousel\" data-id=\"9903974\" data-element_type=\"widget\" data-settings=\"{&quot;items&quot;:{&quot;unit&quot;:&quot;px&quot;,&quot;size&quot;:6,&quot;sizes&quot;:[]},&quot;items_tablet&quot;:{&quot;unit&quot;:&quot;px&quot;,&quot;size&quot;:2,&quot;sizes&quot;:[]},&quot;items_mobile&quot;:{&quot;unit&quot;:&quot;px&quot;,&quot;size&quot;:1,&quot;sizes&quot;:[]}}\" data-widget_type=\"eael-logo-carousel.default\">\n\t\t\t\t<div class=\"elementor-widget-container\">\n\t\t\t        <div class=\"swiper-container-wrap eael-logo-carousel-wrap\">\n            <div class=\"swiper-container eael-logo-carousel swiper-container-9903974\" data-pagination=\".swiper-pagination-9903974\" data-arrow-next=\".swiper-button-next-9903974\" data-arrow-prev=\".swiper-button-prev-9903974\" data-items=\"6\" data-items-tablet=\"2\" data-items-mobile=\"1\" data-margin=\"10\" data-effect=\"slide\" data-speed=\"1000\" data-autoplay=\"1000\" data-loop=\"1\">\n                <div class=\"swiper-wrapper\">\n\t\t\t\t\t                            <div class=\"swiper-slide\">\n                                <div class=\"eael-lc-logo-wrap\">\n                                    <div class=\"eael-lc-logo\">\n\t\t\t\t\t\t\t\t\t\t<a href=\"https:\/\/weuster-bad.de\" target=\"_blank\"><img decoding=\"async\" class=\"eael-lc-img-src\" src=\"https:\/\/hk.immobilien\/wp-content\/uploads\/2023\/07\/weuster_gmbh.jpg\" alt=\"\"><\/a>                                    <\/div>\n\t\t\t\t\t\t\t\t\t                                <\/div>\n                            <\/div>\n\t\t\t\t\t\t                            <div class=\"swiper-slide\">\n                                <div class=\"eael-lc-logo-wrap\">\n                                    <div class=\"eael-lc-logo\">\n\t\t\t\t\t\t\t\t\t\t<a href=\"https:\/\/www.pro-casa-dinslaken.de\/\" target=\"_blank\"><img decoding=\"async\" class=\"eael-lc-img-src\" src=\"https:\/\/hk.immobilien\/wp-content\/uploads\/2023\/07\/procasa.png\" alt=\"\"><\/a>                                    <\/div>\n\t\t\t\t\t\t\t\t\t                                <\/div>\n                            <\/div>\n\t\t\t\t\t\t                            <div class=\"swiper-slide\">\n                                <div class=\"eael-lc-logo-wrap\">\n                                    <div class=\"eael-lc-logo\">\n\t\t\t\t\t\t\t\t\t\t<a href=\"https:\/\/www.nispa.de\/\" target=\"_blank\"><img decoding=\"async\" class=\"eael-lc-img-src\" src=\"https:\/\/hk.immobilien\/wp-content\/uploads\/2023\/07\/sparkasse_rhein_lippe.png\" alt=\"\"><\/a>                                    <\/div>\n\t\t\t\t\t\t\t\t\t                                <\/div>\n                            <\/div>\n\t\t\t\t\t\t                            <div class=\"swiper-slide\">\n                                <div class=\"eael-lc-logo-wrap\">\n                                    <div class=\"eael-lc-logo\">\n\t\t\t\t\t\t\t\t\t\t<a href=\"https:\/\/natuerlichbunt.com\/\" target=\"_blank\"><img decoding=\"async\" class=\"eael-lc-img-src\" src=\"https:\/\/hk.immobilien\/wp-content\/uploads\/2023\/07\/nat_bunt-1.jpg\" alt=\"\"><\/a>                                    <\/div>\n\t\t\t\t\t\t\t\t\t                                <\/div>\n                            <\/div>\n\t\t\t\t\t\t                            <div class=\"swiper-slide\">\n                                <div class=\"eael-lc-logo-wrap\">\n                                    <div class=\"eael-lc-logo\">\n\t\t\t\t\t\t\t\t\t\t<a href=\"https:\/\/huelsemann.de\/rechtsanwaelte-notare\/\" target=\"_blank\"><img decoding=\"async\" class=\"eael-lc-img-src\" src=\"https:\/\/hk.immobilien\/wp-content\/uploads\/2023\/07\/Dietrich_Heide-1.jpg\" alt=\"\"><\/a>                                    <\/div>\n\t\t\t\t\t\t\t\t\t                                <\/div>\n                            <\/div>\n\t\t\t\t\t\t                            <div class=\"swiper-slide\">\n                                <div class=\"eael-lc-logo-wrap\">\n                                    <div class=\"eael-lc-logo\">\n\t\t\t\t\t\t\t\t\t\t<a href=\"https:\/\/www.kanzlei-veith-duis.de\/\" target=\"_blank\"><img decoding=\"async\" class=\"eael-lc-img-src\" src=\"https:\/\/hk.immobilien\/wp-content\/uploads\/2023\/07\/kanz_veith_duis-1.jpg\" alt=\"\"><\/a>                                    <\/div>\n\t\t\t\t\t\t\t\t\t                                <\/div>\n                            <\/div>\n\t\t\t\t\t\t                            <div class=\"swiper-slide\">\n                                <div class=\"eael-lc-logo-wrap\">\n                                    <div class=\"eael-lc-logo\">\n\t\t\t\t\t\t\t\t\t\t<a href=\"https:\/\/www.kreissparkasse-duesseldorf.de\/\" target=\"_blank\"><img decoding=\"async\" class=\"eael-lc-img-src\" src=\"https:\/\/hk.immobilien\/wp-content\/uploads\/2023\/07\/kreissparkasse_duesseldorf.png\" alt=\"\"><\/a>                                    <\/div>\n\t\t\t\t\t\t\t\t\t                                <\/div>\n                            <\/div>\n\t\t\t\t\t\t                            <div class=\"swiper-slide\">\n                                <div class=\"eael-lc-logo-wrap\">\n                                    <div class=\"eael-lc-logo\">\n\t\t\t\t\t\t\t\t\t\t<a href=\"https:\/\/www.volksbank-rhein-lippe.de\" target=\"_blank\"><img decoding=\"async\" class=\"eael-lc-img-src\" src=\"https:\/\/hk.immobilien\/wp-content\/uploads\/2023\/07\/volksbank_rhein_lippe-1.jpg\" alt=\"\"><\/a>                                    <\/div>\n\t\t\t\t\t\t\t\t\t                                <\/div>\n                            <\/div>\n\t\t\t\t\t\t                            <div class=\"swiper-slide\">\n                                <div class=\"eael-lc-logo-wrap\">\n                                    <div class=\"eael-lc-logo\">\n\t\t\t\t\t\t\t\t\t\t<a href=\"http:\/\/www.rp-hausmeisterservice.de\/\" target=\"_blank\"><img decoding=\"async\" class=\"eael-lc-img-src\" src=\"https:\/\/hk.immobilien\/wp-content\/uploads\/2023\/07\/Hausmeisterservice.png\" alt=\"\"><\/a>                                    <\/div>\n\t\t\t\t\t\t\t\t\t                                <\/div>\n                            <\/div>\n\t\t\t\t\t\t                <\/div>\n            <\/div>\n\t\t\t        <\/div>\n\t\t\t\t<\/div>\n\t\t\t\t<\/div>\n\t\t\t\t\t<\/div>\n\t\t\t\t<\/div>\n\t\t\t\t<\/div>","protected":false},"excerpt":{"rendered":"<p>Ankauf Immer auf der Suche! Wir sind organisatorisch und finanziell in der Lage, den Ankauf weiterer Immobilien z\u00fcgig und professionell umzusetzen. Kennen Sie einen Eigent\u00fcmer, der sich von seiner Immobilie trennen m\u00f6chte? Gegen\u00fcber Tippgebern zeigen wir uns erkenntlich, wenn dadurch ein Ankauf zustande kommt. Wonach wir suchen: Mehrfamilienh\u00e4user ab 6 Wohneinheiten, gern auch gr\u00f6\u00dfere Pakete [&hellip;]<\/p>","protected":false},"author":1,"featured_media":0,"parent":0,"menu_order":0,"comment_status":"closed","ping_status":"closed","template":"","meta":{"footnotes":""},"_links":{"self":[{"href":"https:\/\/hk.immobilien\/en\/wp-json\/wp\/v2\/pages\/463"}],"collection":[{"href":"https:\/\/hk.immobilien\/en\/wp-json\/wp\/v2\/pages"}],"about":[{"href":"https:\/\/hk.immobilien\/en\/wp-json\/wp\/v2\/types\/page"}],"author":[{"embeddable":true,"href":"https:\/\/hk.immobilien\/en\/wp-json\/wp\/v2\/users\/1"}],"replies":[{"embeddable":true,"href":"https:\/\/hk.immobilien\/en\/wp-json\/wp\/v2\/comments?post=463"}],"version-history":[{"count":43,"href":"https:\/\/hk.immobilien\/en\/wp-json\/wp\/v2\/pages\/463\/revisions"}],"predecessor-version":[{"id":1828,"href":"https:\/\/hk.immobilien\/en\/wp-json\/wp\/v2\/pages\/463\/revisions\/1828"}],"wp:attachment":[{"href":"https:\/\/hk.immobilien\/en\/wp-json\/wp\/v2\/media?parent=463"}],"curies":[{"name":"wp","href":"https:\/\/api.w.org\/{rel}","templated":true}]}}